{"id":2,"date":"2016-01-11T05:45:50","date_gmt":"2016-01-11T05:45:50","guid":{"rendered":"http:\/\/savagesound.de\/?page_id=2"},"modified":"2025-08-23T10:57:45","modified_gmt":"2025-08-23T10:57:45","slug":"startseite","status":"publish","type":"page","link":"https:\/\/savagesound.de\/","title":{"rendered":"Startseite"},"content":{"rendered":"<h2 style=\"text-align: center;\"><span style=\"color: #ffff00;\">Abwechslungsreicher Rock aus den 80ern, 90ern und von heute<\/span><\/h2>\n<p style=\"text-align: center;\"><span style=\"color: #ffff00;\">Die Liebe zu rockigen Kl\u00e4ngen und unverkennbaren Melodien vereint uns &#8211; wir haben jede Menge Spa\u00df an Klassikern vergangener Tage und aktuellen Hits.<br \/>\nGew\u00fcrzt mit einer ordentlichen Portion Rock sorgen wir daf\u00fcr, dass sich unser Publikum gut unterhalten f\u00fchlt.<\/span><\/p>\n<div id='gallery-1' class='gallery galleryid-2 gallery-columns-3 gallery-size-medium'><figure class='gallery-item'>\n\t\t\t<div class='gallery-icon landscape'>\n\t\t\t\t<img loading=\"lazy\" decoding=\"async\" width=\"632\" height=\"421\" src=\"https:\/\/savagesound.de\/wp-content\/uploads\/2025\/08\/SavageSound_Bergmanns-20250726-9858-632x421.jpg\" class=\"attachment-medium size-medium\" alt=\"\" srcset=\"https:\/\/savagesound.de\/wp-content\/uploads\/2025\/08\/SavageSound_Bergmanns-20250726-9858-632x421.jpg 632w, https:\/\/savagesound.de\/wp-content\/uploads\/2025\/08\/SavageSound_Bergmanns-20250726-9858-1020x680.jpg 1020w, https:\/\/savagesound.de\/wp-content\/uploads\/2025\/08\/SavageSound_Bergmanns-20250726-9858-768x512.jpg 768w, https:\/\/savagesound.de\/wp-content\/uploads\/2025\/08\/SavageSound_Bergmanns-20250726-9858-1536x1024.jpg 1536w, https:\/\/savagesound.de\/wp-content\/uploads\/2025\/08\/SavageSound_Bergmanns-20250726-9858.jpg 2048w\" sizes=\"auto, (max-width: 632px) 100vw, 632px\" \/>\n\t\t\t<\/div><\/figure><figure class='gallery-item'>\n\t\t\t<div class='gallery-icon landscape'>\n\t\t\t\t<img loading=\"lazy\" decoding=\"async\" width=\"632\" height=\"421\" src=\"https:\/\/savagesound.de\/wp-content\/uploads\/2025\/08\/SavageSound_Bergmanns-20250726-9883-632x421.jpg\" class=\"attachment-medium size-medium\" alt=\"\" srcset=\"https:\/\/savagesound.de\/wp-content\/uploads\/2025\/08\/SavageSound_Bergmanns-20250726-9883-632x421.jpg 632w, https:\/\/savagesound.de\/wp-content\/uploads\/2025\/08\/SavageSound_Bergmanns-20250726-9883-1020x680.jpg 1020w, https:\/\/savagesound.de\/wp-content\/uploads\/2025\/08\/SavageSound_Bergmanns-20250726-9883-768x512.jpg 768w, https:\/\/savagesound.de\/wp-content\/uploads\/2025\/08\/SavageSound_Bergmanns-20250726-9883-1536x1024.jpg 1536w, https:\/\/savagesound.de\/wp-content\/uploads\/2025\/08\/SavageSound_Bergmanns-20250726-9883.jpg 2048w\" sizes=\"auto, (max-width: 632px) 100vw, 632px\" \/>\n\t\t\t<\/div><\/figure><figure class='gallery-item'>\n\t\t\t<div class='gallery-icon landscape'>\n\t\t\t\t<img loading=\"lazy\" decoding=\"async\" width=\"632\" height=\"421\" src=\"https:\/\/savagesound.de\/wp-content\/uploads\/2025\/08\/SavageSound_Bergmanns-20250726-9884-632x421.jpg\" class=\"attachment-medium size-medium\" alt=\"\" srcset=\"https:\/\/savagesound.de\/wp-content\/uploads\/2025\/08\/SavageSound_Bergmanns-20250726-9884-632x421.jpg 632w, https:\/\/savagesound.de\/wp-content\/uploads\/2025\/08\/SavageSound_Bergmanns-20250726-9884-1020x680.jpg 1020w, https:\/\/savagesound.de\/wp-content\/uploads\/2025\/08\/SavageSound_Bergmanns-20250726-9884-768x512.jpg 768w, https:\/\/savagesound.de\/wp-content\/uploads\/2025\/08\/SavageSound_Bergmanns-20250726-9884-1536x1024.jpg 1536w, https:\/\/savagesound.de\/wp-content\/uploads\/2025\/08\/SavageSound_Bergmanns-20250726-9884.jpg 2048w\" sizes=\"auto, (max-width: 632px) 100vw, 632px\" \/>\n\t\t\t<\/div><\/figure><figure class='gallery-item'>\n\t\t\t<div class='gallery-icon landscape'>\n\t\t\t\t<img loading=\"lazy\" decoding=\"async\" width=\"632\" height=\"421\" src=\"https:\/\/savagesound.de\/wp-content\/uploads\/2025\/08\/SavageSound_Bergmanns-20250726-9838-632x421.jpg\" class=\"attachment-medium size-medium\" alt=\"\" srcset=\"https:\/\/savagesound.de\/wp-content\/uploads\/2025\/08\/SavageSound_Bergmanns-20250726-9838-632x421.jpg 632w, https:\/\/savagesound.de\/wp-content\/uploads\/2025\/08\/SavageSound_Bergmanns-20250726-9838-1020x680.jpg 1020w, https:\/\/savagesound.de\/wp-content\/uploads\/2025\/08\/SavageSound_Bergmanns-20250726-9838-768x512.jpg 768w, https:\/\/savagesound.de\/wp-content\/uploads\/2025\/08\/SavageSound_Bergmanns-20250726-9838-1536x1024.jpg 1536w, https:\/\/savagesound.de\/wp-content\/uploads\/2025\/08\/SavageSound_Bergmanns-20250726-9838.jpg 2048w\" sizes=\"auto, (max-width: 632px) 100vw, 632px\" \/>\n\t\t\t<\/div><\/figure><figure class='gallery-item'>\n\t\t\t<div class='gallery-icon landscape'>\n\t\t\t\t<img loading=\"lazy\" decoding=\"async\" width=\"632\" height=\"421\" src=\"https:\/\/savagesound.de\/wp-content\/uploads\/2025\/08\/SavageSound_Bergmanns-20250726-9924-632x421.jpg\" class=\"attachment-medium size-medium\" alt=\"\" srcset=\"https:\/\/savagesound.de\/wp-content\/uploads\/2025\/08\/SavageSound_Bergmanns-20250726-9924-632x421.jpg 632w, https:\/\/savagesound.de\/wp-content\/uploads\/2025\/08\/SavageSound_Bergmanns-20250726-9924-1020x680.jpg 1020w, https:\/\/savagesound.de\/wp-content\/uploads\/2025\/08\/SavageSound_Bergmanns-20250726-9924-768x512.jpg 768w, https:\/\/savagesound.de\/wp-content\/uploads\/2025\/08\/SavageSound_Bergmanns-20250726-9924-1536x1024.jpg 1536w, https:\/\/savagesound.de\/wp-content\/uploads\/2025\/08\/SavageSound_Bergmanns-20250726-9924.jpg 2048w\" sizes=\"auto, (max-width: 632px) 100vw, 632px\" \/>\n\t\t\t<\/div><\/figure><figure class='gallery-item'>\n\t\t\t<div class='gallery-icon landscape'>\n\t\t\t\t<img loading=\"lazy\" decoding=\"async\" width=\"632\" height=\"421\" src=\"https:\/\/savagesound.de\/wp-content\/uploads\/2025\/08\/SavageSound_Bergmanns-20250726-9837-632x421.jpg\" class=\"attachment-medium size-medium\" alt=\"\" srcset=\"https:\/\/savagesound.de\/wp-content\/uploads\/2025\/08\/SavageSound_Bergmanns-20250726-9837-632x421.jpg 632w, https:\/\/savagesound.de\/wp-content\/uploads\/2025\/08\/SavageSound_Bergmanns-20250726-9837-1020x680.jpg 1020w, https:\/\/savagesound.de\/wp-content\/uploads\/2025\/08\/SavageSound_Bergmanns-20250726-9837-768x512.jpg 768w, https:\/\/savagesound.de\/wp-content\/uploads\/2025\/08\/SavageSound_Bergmanns-20250726-9837-1536x1024.jpg 1536w, https:\/\/savagesound.de\/wp-content\/uploads\/2025\/08\/SavageSound_Bergmanns-20250726-9837.jpg 2048w\" sizes=\"auto, (max-width: 632px) 100vw, 632px\" \/>\n\t\t\t<\/div><\/figure>\n\t\t<\/div>\n\n<p style=\"text-align: center;\"><span style=\"color: #ffff00;\">Wir &#8211; das sind sechs Musiker aus Leidenschaft.<\/span><\/p>\n","protected":false},"excerpt":{"rendered":"<p>Abwechslungsreicher Rock aus den 80ern, 90ern und von heute Die Liebe zu rockigen Kl\u00e4ngen und unverkennbaren Melodien vereint uns &#8211; wir haben jede Menge Spa\u00df an Klassikern vergangener Tage und aktuellen Hits. Gew\u00fcrzt mit einer ordentlichen Portion Rock sorgen wir daf\u00fcr, dass sich unser Publikum gut unterhalten f\u00fchlt. Wir &#8211;&#8230;<\/p>\n","protected":false},"author":1,"featured_media":0,"parent":0,"menu_order":1,"comment_status":"closed","ping_status":"closed","template":"","meta":{"footnotes":""},"class_list":["post-2","page","type-page","status-publish","hentry"],"_links":{"self":[{"href":"https:\/\/savagesound.de\/index.php?rest_route=\/wp\/v2\/pages\/2","targetHints":{"allow":["GET"]}}],"collection":[{"href":"https:\/\/savagesound.de\/index.php?rest_route=\/wp\/v2\/pages"}],"about":[{"href":"https:\/\/savagesound.de\/index.php?rest_route=\/wp\/v2\/types\/page"}],"author":[{"embeddable":true,"href":"https:\/\/savagesound.de\/index.php?rest_route=\/wp\/v2\/users\/1"}],"replies":[{"embeddable":true,"href":"https:\/\/savagesound.de\/index.php?rest_route=%2Fwp%2Fv2%2Fcomments&post=2"}],"version-history":[{"count":19,"href":"https:\/\/savagesound.de\/index.php?rest_route=\/wp\/v2\/pages\/2\/revisions"}],"predecessor-version":[{"id":527,"href":"https:\/\/savagesound.de\/index.php?rest_route=\/wp\/v2\/pages\/2\/revisions\/527"}],"wp:attachment":[{"href":"https:\/\/savagesound.de\/index.php?rest_route=%2Fwp%2Fv2%2Fmedia&parent=2"}],"curies":[{"name":"wp","href":"https:\/\/api.w.org\/{rel}","templated":true}]}}