{"id":22,"date":"2016-01-15T18:09:36","date_gmt":"2016-01-15T18:09:36","guid":{"rendered":"http:\/\/savagesound.de\/?page_id=22"},"modified":"2025-08-24T17:41:29","modified_gmt":"2025-08-24T17:41:29","slug":"die-band","status":"publish","type":"page","link":"https:\/\/savagesound.de\/?page_id=22","title":{"rendered":"Die Band"},"content":{"rendered":"<div class=\"Heading_1\">\n<h3 class=\"xr_tl Heading_1\"><span style=\"color: #ffff00;\"><span class=\"Heading_1\">M<\/span><span class=\"Heading_1\">itrei\u00dfender<\/span><span class=\"Heading_1\">\u00a0<\/span><span class=\"Heading_1\">R<\/span><span class=\"Heading_1\">hythmus f\u00fcr jeden<\/span><span class=\"Heading_1\">\u00a0<\/span><span class=\"Heading_1\">A<\/span><span class=\"Heading_1\">nlass<\/span><\/span><\/h3>\n<\/div>\n<div class=\"Normal_text\"><span style=\"color: #ffff00;\"><span style=\"color: #ffff00;\"><span class=\"xr_tc Normal_text\"><span class=\"Normal_text\">Ob Geburtstag, Hochzeit, Betriebsfeier oder Stadtfest, Savage Sound unterhalten<\/span><\/span> <span class=\"xr_tc Normal_text\"><span class=\"Normal_text\">und begeistern auf abwechslungsreiche Weise Ihr Publikum.<br \/>\n<\/span><\/span><span class=\"xr_tc Normal_text\"><span class=\"Normal_text\">Mit einem bunt gemischten Repertoire aus 40 Jahren Musikgeschichte,<\/span><\/span> <span class=\"xr_tc Normal_text\"><span class=\"Normal_text\">werden viele bekannte Hits interpretiert.<\/span><\/span><br \/>\n<\/span><\/span><span style=\"color: #ffff00;\"><span style=\"color: #ffff00;\"><span class=\"xr_tc Normal_text\"><span class=\"Normal_text\">Die vorrangig rockige Ausrichtung l\u00e4sst genug Raum auch f\u00fcr seichte T\u00f6ne,<\/span><\/span> <span class=\"xr_tc Normal_text\"><span class=\"Normal_text\">so dass gekuschelt, getanzt und abgefeiert werden kann.<\/span><\/span><br \/>\n<span class=\"xr_tc Normal_text\"><span class=\"Normal_text\">Hier ist f\u00fcr jeden Zuh\u00f6rer etwas dabei.<\/span><\/span><br \/>\n<\/span><\/span><\/div>\n<div class=\"Normal_text\">\n<hr \/>\n<h2 style=\"text-align: center;\"><span style=\"color: #ffff00;\">Sarah &#8211; Vocals<\/span><img loading=\"lazy\" decoding=\"async\" class=\"alignleft wp-image-531 size-full\" src=\"http:\/\/savagesound.de\/wp-content\/uploads\/2025\/08\/SavageSound_Sarah.jpg\" alt=\"\" width=\"2048\" height=\"1365\" srcset=\"https:\/\/savagesound.de\/wp-content\/uploads\/2025\/08\/SavageSound_Sarah.jpg 2048w, https:\/\/savagesound.de\/wp-content\/uploads\/2025\/08\/SavageSound_Sarah-632x421.jpg 632w, https:\/\/savagesound.de\/wp-content\/uploads\/2025\/08\/SavageSound_Sarah-1020x680.jpg 1020w, https:\/\/savagesound.de\/wp-content\/uploads\/2025\/08\/SavageSound_Sarah-768x512.jpg 768w, https:\/\/savagesound.de\/wp-content\/uploads\/2025\/08\/SavageSound_Sarah-1536x1024.jpg 1536w\" sizes=\"auto, (max-width: 2048px) 100vw, 2048px\" \/><\/h2>\n<\/div>\n<h2><\/h2>\n<h2 style=\"text-align: center;\"><span style=\"color: #ffff00;\">Marco &#8211; Vocals \/ Bass<\/span><img loading=\"lazy\" decoding=\"async\" class=\"alignleft wp-image-530 size-full\" src=\"http:\/\/savagesound.de\/wp-content\/uploads\/2025\/08\/SavageSound_Marco.jpg\" alt=\"\" width=\"2048\" height=\"1365\" srcset=\"https:\/\/savagesound.de\/wp-content\/uploads\/2025\/08\/SavageSound_Marco.jpg 2048w, https:\/\/savagesound.de\/wp-content\/uploads\/2025\/08\/SavageSound_Marco-632x421.jpg 632w, https:\/\/savagesound.de\/wp-content\/uploads\/2025\/08\/SavageSound_Marco-1020x680.jpg 1020w, https:\/\/savagesound.de\/wp-content\/uploads\/2025\/08\/SavageSound_Marco-768x512.jpg 768w, https:\/\/savagesound.de\/wp-content\/uploads\/2025\/08\/SavageSound_Marco-1536x1024.jpg 1536w\" sizes=\"auto, (max-width: 2048px) 100vw, 2048px\" \/><\/h2>\n<h2><\/h2>\n<h2 style=\"text-align: center;\"><span style=\"color: #ffff00;\">Thomas &#8211; Guitar \/ Sax<\/span><img loading=\"lazy\" decoding=\"async\" class=\"alignleft wp-image-532 size-full\" src=\"http:\/\/savagesound.de\/wp-content\/uploads\/2025\/08\/SavageSound_Thomas.jpg\" alt=\"\" width=\"2048\" height=\"1365\" srcset=\"https:\/\/savagesound.de\/wp-content\/uploads\/2025\/08\/SavageSound_Thomas.jpg 2048w, https:\/\/savagesound.de\/wp-content\/uploads\/2025\/08\/SavageSound_Thomas-632x421.jpg 632w, https:\/\/savagesound.de\/wp-content\/uploads\/2025\/08\/SavageSound_Thomas-1020x680.jpg 1020w, https:\/\/savagesound.de\/wp-content\/uploads\/2025\/08\/SavageSound_Thomas-768x512.jpg 768w, https:\/\/savagesound.de\/wp-content\/uploads\/2025\/08\/SavageSound_Thomas-1536x1024.jpg 1536w\" sizes=\"auto, (max-width: 2048px) 100vw, 2048px\" \/><\/h2>\n<h2><\/h2>\n<h2 style=\"text-align: center;\"><span style=\"color: #ffff00;\">Torsten &#8211; Guitar<\/span><img loading=\"lazy\" decoding=\"async\" class=\"alignleft wp-image-533 size-full\" src=\"http:\/\/savagesound.de\/wp-content\/uploads\/2025\/08\/SavageSound_Torsten.jpg\" alt=\"\" width=\"2048\" height=\"1365\" srcset=\"https:\/\/savagesound.de\/wp-content\/uploads\/2025\/08\/SavageSound_Torsten.jpg 2048w, https:\/\/savagesound.de\/wp-content\/uploads\/2025\/08\/SavageSound_Torsten-632x421.jpg 632w, https:\/\/savagesound.de\/wp-content\/uploads\/2025\/08\/SavageSound_Torsten-1020x680.jpg 1020w, https:\/\/savagesound.de\/wp-content\/uploads\/2025\/08\/SavageSound_Torsten-768x512.jpg 768w, https:\/\/savagesound.de\/wp-content\/uploads\/2025\/08\/SavageSound_Torsten-1536x1024.jpg 1536w\" sizes=\"auto, (max-width: 2048px) 100vw, 2048px\" \/><\/h2>\n<h2><\/h2>\n<h2 style=\"text-align: center;\"><span style=\"color: #ffff00;\">Chris &#8211; Keyboard \/ Vocals<\/span><img loading=\"lazy\" decoding=\"async\" class=\"alignleft wp-image-528 size-full\" src=\"http:\/\/savagesound.de\/wp-content\/uploads\/2025\/08\/SavageSound_Chris.jpg\" alt=\"\" width=\"2048\" height=\"1365\" srcset=\"https:\/\/savagesound.de\/wp-content\/uploads\/2025\/08\/SavageSound_Chris.jpg 2048w, https:\/\/savagesound.de\/wp-content\/uploads\/2025\/08\/SavageSound_Chris-632x421.jpg 632w, https:\/\/savagesound.de\/wp-content\/uploads\/2025\/08\/SavageSound_Chris-1020x680.jpg 1020w, https:\/\/savagesound.de\/wp-content\/uploads\/2025\/08\/SavageSound_Chris-768x512.jpg 768w, https:\/\/savagesound.de\/wp-content\/uploads\/2025\/08\/SavageSound_Chris-1536x1024.jpg 1536w\" sizes=\"auto, (max-width: 2048px) 100vw, 2048px\" \/><\/h2>\n<h2><\/h2>\n<h2 style=\"text-align: center;\"><span style=\"color: #ffff00;\">Frank &#8211; Drums<\/span><img loading=\"lazy\" decoding=\"async\" class=\"alignleft wp-image-529 size-full\" src=\"http:\/\/savagesound.de\/wp-content\/uploads\/2025\/08\/SavageSound_Frank.jpg\" alt=\"\" width=\"2048\" height=\"1365\" srcset=\"https:\/\/savagesound.de\/wp-content\/uploads\/2025\/08\/SavageSound_Frank.jpg 2048w, https:\/\/savagesound.de\/wp-content\/uploads\/2025\/08\/SavageSound_Frank-632x421.jpg 632w, https:\/\/savagesound.de\/wp-content\/uploads\/2025\/08\/SavageSound_Frank-1020x680.jpg 1020w, https:\/\/savagesound.de\/wp-content\/uploads\/2025\/08\/SavageSound_Frank-768x512.jpg 768w, https:\/\/savagesound.de\/wp-content\/uploads\/2025\/08\/SavageSound_Frank-1536x1024.jpg 1536w\" sizes=\"auto, (max-width: 2048px) 100vw, 2048px\" \/><\/h2>\n","protected":false},"excerpt":{"rendered":"<p>Mitrei\u00dfender\u00a0Rhythmus f\u00fcr jeden\u00a0Anlass Ob Geburtstag, Hochzeit, Betriebsfeier oder Stadtfest, Savage Sound unterhalten und begeistern auf abwechslungsreiche Weise Ihr Publikum. Mit einem bunt gemischten Repertoire aus 40 Jahren Musikgeschichte, werden viele bekannte Hits interpretiert. Die vorrangig rockige Ausrichtung l\u00e4sst genug Raum auch f\u00fcr seichte T\u00f6ne, so dass gekuschelt, getanzt und abgefeiert&#8230;<\/p>\n","protected":false},"author":1,"featured_media":0,"parent":0,"menu_order":2,"comment_status":"closed","ping_status":"closed","template":"","meta":{"footnotes":""},"class_list":["post-22","page","type-page","status-publish","hentry"],"_links":{"self":[{"href":"https:\/\/savagesound.de\/index.php?rest_route=\/wp\/v2\/pages\/22","targetHints":{"allow":["GET"]}}],"collection":[{"href":"https:\/\/savagesound.de\/index.php?rest_route=\/wp\/v2\/pages"}],"about":[{"href":"https:\/\/savagesound.de\/index.php?rest_route=\/wp\/v2\/types\/page"}],"author":[{"embeddable":true,"href":"https:\/\/savagesound.de\/index.php?rest_route=\/wp\/v2\/users\/1"}],"replies":[{"embeddable":true,"href":"https:\/\/savagesound.de\/index.php?rest_route=%2Fwp%2Fv2%2Fcomments&post=22"}],"version-history":[{"count":41,"href":"https:\/\/savagesound.de\/index.php?rest_route=\/wp\/v2\/pages\/22\/revisions"}],"predecessor-version":[{"id":538,"href":"https:\/\/savagesound.de\/index.php?rest_route=\/wp\/v2\/pages\/22\/revisions\/538"}],"wp:attachment":[{"href":"https:\/\/savagesound.de\/index.php?rest_route=%2Fwp%2Fv2%2Fmedia&parent=22"}],"curies":[{"name":"wp","href":"https:\/\/api.w.org\/{rel}","templated":true}]}}