{"id":49,"date":"2016-01-15T18:54:53","date_gmt":"2016-01-15T18:54:53","guid":{"rendered":"http:\/\/savagesound.de\/?page_id=49"},"modified":"2026-05-01T17:11:20","modified_gmt":"2026-05-01T17:11:20","slug":"termine","status":"publish","type":"page","link":"https:\/\/savagesound.de\/?page_id=49","title":{"rendered":"Termine"},"content":{"rendered":"<p><span style=\"color: #ffff00;\">Ihr wollt dabei sein, wenn wir mal wieder richtig rocken und das Publikum mit tanzbaren Kl\u00e4ngen versorgen?<\/span><\/p>\n<p><span style=\"color: #ffff00;\"> Dann schaut regelm\u00e4\u00dfig vorbei &#8211; hier findet Ihr immer die aktuellen Termine unserer n\u00e4chsten Auftritte<\/span><\/p>\n<p style=\"text-align: left;\"><span style=\"color: #ffff00;\">\u00a0<strong>2026<\/strong><\/span><\/p>\n<ul>\n<li><span style=\"color: #808080;\"><span style=\"color: #ffff00;\">25.07.2026 &#8211; 20:00h &#8211; Bergmann\u00b4s Biergarten &#8211; Ahsener Allee 3, 45711 Datteln &#8211; Eintritt frei<\/span><\/span><\/li>\n<li><span style=\"color: #ffff00;\">14.11.2026 &#8211; 19:00h &#8211; Hasseler Oldienight &#8211; Stadtteilzentrum Bonni &#8211; Eppmannsweg 32 &#8211; 45896 Gelsenkirchen<\/span><\/li>\n<li><span style=\"color: #ffff00;\">31.12.2026 &#8211; 20:00h &#8211; Silvesterparty &#8211; Volkshaus R\u00f6hlinghausen, Am Alten Hof 28, 44651 Herne<\/span><\/li>\n<\/ul>\n\n\n<p><\/p>\n","protected":false},"excerpt":{"rendered":"<p>Ihr wollt dabei sein, wenn wir mal wieder richtig rocken und das Publikum mit tanzbaren Kl\u00e4ngen versorgen? Dann schaut regelm\u00e4\u00dfig vorbei &#8211; hier findet Ihr immer die aktuellen Termine unserer n\u00e4chsten Auftritte \u00a02026 25.07.2026 &#8211; 20:00h &#8211; Bergmann\u00b4s Biergarten &#8211; Ahsener Allee 3, 45711 Datteln &#8211; Eintritt frei 14.11.2026 &#8211;&#8230;<\/p>\n","protected":false},"author":1,"featured_media":0,"parent":0,"menu_order":4,"comment_status":"closed","ping_status":"closed","template":"","meta":{"footnotes":""},"class_list":["post-49","page","type-page","status-publish","hentry"],"_links":{"self":[{"href":"https:\/\/savagesound.de\/index.php?rest_route=\/wp\/v2\/pages\/49","targetHints":{"allow":["GET"]}}],"collection":[{"href":"https:\/\/savagesound.de\/index.php?rest_route=\/wp\/v2\/pages"}],"about":[{"href":"https:\/\/savagesound.de\/index.php?rest_route=\/wp\/v2\/types\/page"}],"author":[{"embeddable":true,"href":"https:\/\/savagesound.de\/index.php?rest_route=\/wp\/v2\/users\/1"}],"replies":[{"embeddable":true,"href":"https:\/\/savagesound.de\/index.php?rest_route=%2Fwp%2Fv2%2Fcomments&post=49"}],"version-history":[{"count":92,"href":"https:\/\/savagesound.de\/index.php?rest_route=\/wp\/v2\/pages\/49\/revisions"}],"predecessor-version":[{"id":563,"href":"https:\/\/savagesound.de\/index.php?rest_route=\/wp\/v2\/pages\/49\/revisions\/563"}],"wp:attachment":[{"href":"https:\/\/savagesound.de\/index.php?rest_route=%2Fwp%2Fv2%2Fmedia&parent=49"}],"curies":[{"name":"wp","href":"https:\/\/api.w.org\/{rel}","templated":true}]}}